{"id":1238,"date":"2022-06-06T15:43:25","date_gmt":"2022-06-06T15:43:25","guid":{"rendered":"https:\/\/uib.com.co\/seguros-uib\/?page_id=1238"},"modified":"2022-06-09T14:12:29","modified_gmt":"2022-06-09T14:12:29","slug":"uib-seguros","status":"publish","type":"page","link":"https:\/\/uib.com.co\/seguros-uib\/uib-seguros\/","title":{"rendered":"UIB Seguros"},"content":{"rendered":"<p>[et_pb_section fb_built=\u00bb1&#8243; _builder_version=\u00bb4.3.2&#8243; background_color=\u00bb#00283c\u00bb custom_margin=\u00bb0px|0px|0px|0px|false|false\u00bb custom_padding=\u00bb0px|0px|0px|0px|false|false\u00bb global_module=\u00bb1263&#8243; saved_tabs=\u00bball\u00bb locked=\u00bboff\u00bb][et_pb_row use_custom_gutter=\u00bbon\u00bb gutter_width=\u00bb1&#8243; make_equal=\u00bbon\u00bb _builder_version=\u00bb4.3.2&#8243; width=\u00bb100%\u00bb max_width=\u00bb2560px\u00bb custom_margin=\u00bb0px|0px|0px|0px|false|false\u00bb custom_padding=\u00bb0px|0px|0px|0px|false|false\u00bb][et_pb_column type=\u00bb4_4&#8243; _builder_version=\u00bb4.3.2&#8243;][et_pb_menu menu_id=\u00bb3&#8243; active_link_color=\u00bb#FFFFFF\u00bb dropdown_menu_bg_color=\u00bb#1759a3&#8243; dropdown_menu_line_color=\u00bb#FFFFFF\u00bb dropdown_menu_text_color=\u00bb#efefef\u00bb dropdown_menu_active_link_color=\u00bb#FFFFFF\u00bb mobile_menu_bg_color=\u00bb#1759a3&#8243; mobile_menu_text_color=\u00bb#FFFFFF\u00bb logo=\u00bbhttps:\/\/uib.com.co\/wp\/wp-content\/uploads\/2022\/02\/UIBH_logo_WHITE2-300&#215;78-1.png\u00bb logo_url=\u00bbhttps:\/\/uib.com.co\/seguros-uib\/\u00bb logo_max_height=\u00bb54px\u00bb logo_tablet=\u00bb\u00bb logo_phone=\u00bbhttps:\/\/uib.com.co\/wp\/wp-content\/uploads\/2022\/03\/UIBH_logo_WHITE2-padding.png\u00bb logo_last_edited=\u00bbon|phone\u00bb logo_max_height_last_edited=\u00bboff|phone\u00bb module_class=\u00bbeffects-nav\u00bb _builder_version=\u00bb4.3.2&#8243; menu_font=\u00bb|700|||||||\u00bb menu_text_color=\u00bb#FFFFFF\u00bb menu_font_size=\u00bb17px\u00bb menu_line_height=\u00bb2.2em\u00bb background_color=\u00bbrgba(255,255,255,0)\u00bb text_orientation=\u00bbcenter\u00bb width=\u00bb100%\u00bb max_width=\u00bb100%\u00bb module_alignment=\u00bbcenter\u00bb min_height=\u00bb-20px\u00bb height=\u00bb100px\u00bb height_tablet=\u00bb\u00bb height_phone=\u00bb70px\u00bb height_last_edited=\u00bbon|desktop\u00bb custom_margin=\u00bb0px||0px||true|false\u00bb custom_margin_tablet=\u00bb\u00bb custom_margin_phone=\u00bb\u00bb custom_margin_last_edited=\u00bbon|desktop\u00bb custom_padding=\u00bb0px|0px|0px|20px|false|false\u00bb menu_text_color__hover_enabled=\u00bbon|hover\u00bb menu_text_color__hover=\u00bb#FFFFFF\u00bb][\/et_pb_menu][et_pb_code _builder_version=\u00bb4.3.2&#8243;]<\/p>\n<style><!-- [et_pb_line_break_holder] -->.effects-nav li {<!-- [et_pb_line_break_holder] -->  background-color: rgba(221,221,221,0);<!-- [et_pb_line_break_holder] -->  transition: 0.3s;<!-- [et_pb_line_break_holder] -->}<!-- [et_pb_line_break_holder] --><!-- [et_pb_line_break_holder] -->.effects-nav li:hover {<!-- [et_pb_line_break_holder] -->  background-color: #1759a3;<!-- [et_pb_line_break_holder] -->}<!-- [et_pb_line_break_holder] --><\/style>\n<p>[\/et_pb_code][\/et_pb_column][\/et_pb_row][\/et_pb_section][et_pb_section fb_built=\u00bb1&#8243; _builder_version=\u00bb4.3.2&#8243; background_image=\u00bbhttps:\/\/uib.com.co\/wp-content\/uploads\/2022\/04\/bogota4-1024&#215;596-1.png\u00bb custom_padding=\u00bb110px||0px|||\u00bb locked=\u00bboff\u00bb][et_pb_row _builder_version=\u00bb4.3.2&#8243;][et_pb_column type=\u00bb4_4&#8243; _builder_version=\u00bb4.3.2&#8243;][et_pb_text _builder_version=\u00bb4.3.2&#8243; text_text_color=\u00bb#FFFFFF\u00bb text_font_size=\u00bb42px\u00bb header_font=\u00bb|700|||||||\u00bb header_text_color=\u00bb#FFFFFF\u00bb header_font_size=\u00bb71px\u00bb background_enable_image=\u00bboff\u00bb text_orientation=\u00bbcenter\u00bb custom_padding=\u00bb||85px|||\u00bb hover_enabled=\u00bb0&#8243; text_font_size_tablet=\u00bb\u00bb text_font_size_phone=\u00bb20px\u00bb text_font_size_last_edited=\u00bbon|phone\u00bb header_font_size_tablet=\u00bb\u00bb header_font_size_phone=\u00bb35px\u00bb header_font_size_last_edited=\u00bbon|phone\u00bb header_2_font_size_tablet=\u00bb\u00bb header_2_font_size_phone=\u00bb26px\u00bb header_2_font_size_last_edited=\u00bbon|phone\u00bb text_text_shadow_style=\u00bbpreset1&#8243; header_text_shadow_style=\u00bbpreset1&#8243; header_text_shadow_vertical_length=\u00bb0.05em\u00bb]<\/p>\n<h1>UIB Seguros&nbsp;<\/h1>\n<p>&nbsp;<\/p>\n<p>[\/et_pb_text][\/et_pb_column][\/et_pb_row][et_pb_row column_structure=\u00bb1_5,1_5,1_5,1_5,1_5&#8243; use_custom_gutter=\u00bbon\u00bb gutter_width=\u00bb1&#8243; make_equal=\u00bbon\u00bb _builder_version=\u00bb4.3.2&#8243; background_color=\u00bbrgba(0,0,0,0.69)\u00bb width=\u00bb100%\u00bb max_width=\u00bb2560px\u00bb custom_margin=\u00bb0px||0px||false|false\u00bb custom_padding=\u00bb0px|6em|0px|6em|false|false\u00bb saved_tabs=\u00bball\u00bb][et_pb_column type=\u00bb1_5&#8243; _builder_version=\u00bb4.3.2&#8243;][\/et_pb_column][et_pb_column type=\u00bb1_5&#8243; _builder_version=\u00bb4.3.2&#8243;][et_pb_text _builder_version=\u00bb4.3.2&#8243; text_text_color=\u00bb#FFFFFF\u00bb text_font_size=\u00bb16px\u00bb background_color=\u00bb#005faa\u00bb text_orientation=\u00bbcenter\u00bb custom_padding=\u00bb25px||25px||false|false\u00bb link_option_url=\u00bbhttps:\/\/uib.com.co\/seguros-uib\/uib-seguros-colombia\u00bb hover_enabled=\u00bb0&#8243; background__hover_enabled=\u00bbon|desktop\u00bb background_color__hover=\u00bb#005faa\u00bb background_enable_color__hover=\u00bbon\u00bb]<\/p>\n<p>UIB Seguros&nbsp;<\/p>\n<p>[\/et_pb_text][\/et_pb_column][et_pb_column type=\u00bb1_5&#8243; _builder_version=\u00bb4.3.2&#8243;][et_pb_text _builder_version=\u00bb4.3.2&#8243; text_text_color=\u00bb#FFFFFF\u00bb text_font_size=\u00bb16px\u00bb background_color=\u00bbrgba(0,95,170,0)\u00bb text_orientation=\u00bbcenter\u00bb custom_padding=\u00bb25px||25px||false|false\u00bb link_option_url=\u00bbhttps:\/\/uib.com.co\/seguros-uib\/nuestro-equipo\u00bb background__hover_enabled=\u00bbon|desktop\u00bb background_color__hover=\u00bb#005faa\u00bb background_enable_color__hover=\u00bbon\u00bb]<\/p>\n<p>Nuestro equipo&nbsp;<\/p>\n<p>[\/et_pb_text][\/et_pb_column][et_pb_column type=\u00bb1_5&#8243; _builder_version=\u00bb4.3.2&#8243;][et_pb_text _builder_version=\u00bb4.3.2&#8243; text_text_color=\u00bb#FFFFFF\u00bb text_font_size=\u00bb16px\u00bb background_color=\u00bbrgba(0,95,170,0)\u00bb text_orientation=\u00bbcenter\u00bb custom_padding=\u00bb25px||25px||false|false\u00bb link_option_url=\u00bbhttps:\/\/uib.com.co\/seguros-uib\/uib-group\u00bb background__hover_enabled=\u00bbon|desktop\u00bb background_color__hover=\u00bb#005faa\u00bb background_enable_color__hover=\u00bbon\u00bb]UIB Group[\/et_pb_text][\/et_pb_column][et_pb_column type=\u00bb1_5&#8243; _builder_version=\u00bb4.3.2&#8243;][\/et_pb_column][\/et_pb_row][\/et_pb_section][et_pb_section fb_built=\u00bb1&#8243; _builder_version=\u00bb4.3.2&#8243; background_image=\u00bbhttps:\/\/uib.com.co\/wp-content\/uploads\/2022\/04\/Bg-circle-1.png\u00bb background_size=\u00bbcontain\u00bb background_position=\u00bbtop_left\u00bb custom_padding=\u00bb63px||0px|||\u00bb locked=\u00bboff\u00bb][et_pb_row _builder_version=\u00bb4.3.2&#8243; custom_padding=\u00bb||61px|||\u00bb][et_pb_column type=\u00bb4_4&#8243; _builder_version=\u00bb4.3.2&#8243;][et_pb_text _builder_version=\u00bb4.3.2&#8243; text_font_size=\u00bb18px\u00bb header_font=\u00bb|700||on|||||\u00bb header_text_align=\u00bbcenter\u00bb header_font_size=\u00bb52px\u00bb width=\u00bb70%\u00bb max_width=\u00bb100%\u00bb module_alignment=\u00bbcenter\u00bb custom_margin=\u00bb||14px|||\u00bb hover_enabled=\u00bb0&#8243;]<\/p>\n<h2 style=\"text-align: center;\"><span style=\"color: #005faa;\"><strong>UIB Seguros&nbsp;<\/strong><\/span><\/h2>\n<p style=\"text-align: center;\">Pertenece al Grupo UIB, ofrece soluciones integrales e innovadoras que van desde el an\u00e1lisis de riesgos a medida, el corretaje de seguros hasta la gesti\u00f3n de indemnizaciones, bas\u00e1ndose en un profundo conocimiento del mercado local y global, y en un know-how especializado.<\/p>\n<p>[\/et_pb_text][\/et_pb_column][\/et_pb_row][et_pb_row column_structure=\u00bb2_5,3_5&#8243; _builder_version=\u00bb4.3.2&#8243; background_image=\u00bbhttps:\/\/uib.com.co\/wp-content\/uploads\/2022\/04\/Mission.png\u00bb background_size=\u00bbcontain\u00bb background_position=\u00bbcenter_left\u00bb width=\u00bb100%\u00bb max_width=\u00bb2560px\u00bb custom_padding=\u00bb||84px|||\u00bb background_last_edited=\u00bbon|phone\u00bb background_size_phone=\u00bbcontain\u00bb][et_pb_column type=\u00bb2_5&#8243; _builder_version=\u00bb4.3.2&#8243;][\/et_pb_column][et_pb_column type=\u00bb3_5&#8243; _builder_version=\u00bb4.3.2&#8243; custom_padding=\u00bb50px||||false|false\u00bb][et_pb_text _builder_version=\u00bb4.3.2&#8243; text_font=\u00bb||||||||\u00bb text_text_color=\u00bb#000000&#8243; text_font_size=\u00bb20px\u00bb header_font=\u00bb|700|||||||\u00bb header_text_color=\u00bb#005faa\u00bb header_font_size=\u00bb41px\u00bb]<\/p>\n<h1>Misi\u00f3n<\/h1>\n<p>Nuestro esp\u00edritu se centra en el cliente, escuchando atentamente sus preocupaciones y necesidades, para ofrecer soluciones en el manejo de seguros y riesgos, apoyados en el conocimiento y empoderamiento de nuestro equipo humano, y la experiencia global de UIB Group.<\/p>\n<p>[\/et_pb_text][\/et_pb_column][\/et_pb_row][et_pb_row custom_padding_last_edited=\u00bbon|phone\u00bb _builder_version=\u00bb4.3.2&#8243; background_image=\u00bbhttps:\/\/uib.com.co\/wp-content\/uploads\/2022\/04\/value_con2_bg.jpg\u00bb width=\u00bb100%\u00bb max_width=\u00bb1951px\u00bb custom_padding=\u00bb6em||7em|8em|false|false\u00bb custom_padding_tablet=\u00bb\u00bb custom_padding_phone=\u00bb5em||7em|3em|false|false\u00bb][et_pb_column type=\u00bb4_4&#8243; _builder_version=\u00bb4.3.2&#8243;][et_pb_text _builder_version=\u00bb4.3.2&#8243; text_font_size=\u00bb20px\u00bb header_font=\u00bb|700|||||||\u00bb header_text_color=\u00bb#005faa\u00bb header_font_size=\u00bb41px\u00bb custom_margin=\u00bb||-3px|||\u00bb]<\/p>\n<h1>Visi\u00f3n<\/h1>\n<p>[\/et_pb_text][et_pb_text _builder_version=\u00bb4.3.2&#8243; text_font_size=\u00bb20px\u00bb header_font=\u00bb|700|||||||\u00bb header_text_color=\u00bb#005faa\u00bb header_font_size=\u00bb41px\u00bb width=\u00bb50%\u00bb max_width=\u00bb50%\u00bb]<\/p>\n<h1><\/h1>\n<p>A mediano plazo ser un intermediario reconocido por nuestros clientes y por los actores del mercado asegurador como la mejor alternativa por la cercan\u00eda, calidad, oportunidad, vanguardismo, innovaci\u00f3n y equipo humano al dar soluciones de seguros y riesgos a nuestros clientes.<\/p>\n<p>[\/et_pb_text][\/et_pb_column][\/et_pb_row][et_pb_row _builder_version=\u00bb4.3.2&#8243; custom_padding=\u00bb4em||||false|false\u00bb][et_pb_column type=\u00bb4_4&#8243; _builder_version=\u00bb4.3.2&#8243;][et_pb_text _builder_version=\u00bb4.3.2&#8243; header_2_font=\u00bb|600|||||||\u00bb header_2_text_align=\u00bbright\u00bb]<\/p>\n<div style=\"display: flex;\">\n<h1><strong>Nuestros Valores Corporativos<\/strong><\/h1>\n<\/div>\n<p>[\/et_pb_text][\/et_pb_column][\/et_pb_row][et_pb_row column_structure=\u00bb1_6,1_6,1_6,1_6,1_6,1_6&#8243; use_custom_gutter=\u00bbon\u00bb gutter_width=\u00bb1&#8243; make_equal=\u00bbon\u00bb _builder_version=\u00bb4.3.2&#8243; width=\u00bb93%\u00bb max_width=\u00bb2272px\u00bb][et_pb_column type=\u00bb1_6&#8243; _builder_version=\u00bb4.3.2&#8243; border_width_right=\u00bb1px\u00bb border_color_right=\u00bb#d3d3d3&#8243;][et_pb_text _builder_version=\u00bb4.3.2&#8243; text_font_size=\u00bb16px\u00bb header_text_align=\u00bbcenter\u00bb header_3_text_align=\u00bbcenter\u00bb custom_margin=\u00bb||60px|||\u00bb custom_padding=\u00bb|10px||10px|false|true\u00bb]<\/p>\n<h3><span style=\"color: #005faa;\"><strong>Integridad:<\/strong><\/span><\/h3>\n<p>Transparencia total y fuertes principios son la esencia de nuestras creencias y valores.<\/p>\n<p>[\/et_pb_text][\/et_pb_column][et_pb_column type=\u00bb1_6&#8243; _builder_version=\u00bb4.3.2&#8243; border_width_right=\u00bb1px\u00bb border_color_right=\u00bb#d3d3d3&#8243;][et_pb_text _builder_version=\u00bb4.3.2&#8243; text_font_size=\u00bb16px\u00bb header_text_align=\u00bbcenter\u00bb header_3_text_align=\u00bbcenter\u00bb custom_margin=\u00bb||59px|||\u00bb custom_padding=\u00bb|10px||10px|false|true\u00bb]<\/p>\n<h3><span style=\"color: #005faa;\"><strong>Excelencia<\/strong><\/span><\/h3>\n<p>Incorporamos excelencia incomparable en todos los aspectos de nuestro trabajo.<\/p>\n<p>[\/et_pb_text][\/et_pb_column][et_pb_column type=\u00bb1_6&#8243; _builder_version=\u00bb4.3.2&#8243; border_width_right=\u00bb1px\u00bb border_color_right=\u00bb#d3d3d3&#8243;][et_pb_text _builder_version=\u00bb4.3.2&#8243; text_font_size=\u00bb16px\u00bb header_text_align=\u00bbcenter\u00bb header_3_text_align=\u00bbcenter\u00bb min_height=\u00bb187.2px\u00bb custom_padding=\u00bb|10px||10px|false|true\u00bb]<\/p>\n<h3><span style=\"color: #005faa;\"><strong>Pasi\u00f3n<\/strong><\/span><\/h3>\n<p>Nuestra pasi\u00f3n est\u00e1 determinada, controlada, dirigida y enfocada en el verdadero beneficio de nuestros clientes.<\/p>\n<p>[\/et_pb_text][\/et_pb_column][et_pb_column type=\u00bb1_6&#8243; _builder_version=\u00bb4.3.2&#8243; border_width_right=\u00bb1px\u00bb border_color_right=\u00bb#d3d3d3&#8243;][et_pb_text _builder_version=\u00bb4.3.2&#8243; text_font_size=\u00bb16px\u00bb header_text_align=\u00bbcenter\u00bb header_3_text_align=\u00bbcenter\u00bb custom_margin=\u00bb||56px|||\u00bb custom_padding=\u00bb|10px||10px|false|true\u00bb]<\/p>\n<h3><span style=\"color: #005faa;\"><strong>Agilidad<\/strong><\/span><\/h3>\n<p><strong>UIB<\/strong> mira al futuro con mente abierta para anticiparse y adaptarse a la evoluci\u00f3n del mercado ofreciendo soluciones flexibles e innovadoras, ajustadas a un mundo siempre cambiante.<\/p>\n<p>[\/et_pb_text][\/et_pb_column][et_pb_column type=\u00bb1_6&#8243; _builder_version=\u00bb4.3.2&#8243; border_width_right=\u00bb1px\u00bb border_color_right=\u00bb#d3d3d3&#8243;][et_pb_text _builder_version=\u00bb4.3.2&#8243; text_font_size=\u00bb16px\u00bb header_text_align=\u00bbcenter\u00bb header_3_text_align=\u00bbcenter\u00bb custom_margin=\u00bb||62px|||\u00bb custom_padding=\u00bb|10px||10px|false|true\u00bb]<\/p>\n<h3><span style=\"color: #005faa;\"><strong>Multicultural<\/strong><\/span><\/h3>\n<p>La filosof\u00eda de UIB se centra en la diversidad y esencia cultural reconociendo y valorando las diferencias individuales.<\/p>\n<p>[\/et_pb_text][\/et_pb_column][et_pb_column type=\u00bb1_6&#8243; _builder_version=\u00bb4.3.2&#8243;][et_pb_text _builder_version=\u00bb4.3.2&#8243; text_font_size=\u00bb16px\u00bb header_text_align=\u00bbcenter\u00bb header_3_text_align=\u00bbcenter\u00bb custom_margin=\u00bb||61px|||\u00bb custom_padding=\u00bb|10px||10px|false|true\u00bb]<\/p>\n<h3><span style=\"color: #005faa;\"><strong>Global<\/strong><\/span><\/h3>\n<p><strong>UIB<\/strong> opera globalmente, bas\u00e1ndose en experiencia local para dar soluciones globales.<\/p>\n<p>[\/et_pb_text][\/et_pb_column][\/et_pb_row][et_pb_row _builder_version=\u00bb4.3.2&#8243; background_color=\u00bb#00283c\u00bb width=\u00bb100%\u00bb max_width=\u00bb2560px\u00bb custom_margin=\u00bb142px|auto||auto||\u00bb custom_padding=\u00bb49px||0px|||\u00bb global_module=\u00bb1264&#8243; saved_tabs=\u00bball\u00bb][et_pb_column type=\u00bb4_4&#8243; _builder_version=\u00bb4.3.2&#8243;][et_pb_text _builder_version=\u00bb4.3.2&#8243; text_text_color=\u00bb#FFFFFF\u00bb text_font_size=\u00bb17px\u00bb text_line_height=\u00bb1.6em\u00bb header_3_text_color=\u00bb#ffffff\u00bb custom_margin_last_edited=\u00bboff|desktop\u00bb custom_padding=\u00bb||50px|4em|false|false\u00bb custom_padding_tablet=\u00bb\u00bb custom_padding_phone=\u00bb||70px|2em|false|false\u00bb custom_padding_last_edited=\u00bbon|phone\u00bb text_font_size_tablet=\u00bb\u00bb text_font_size_phone=\u00bb14px\u00bb text_font_size_last_edited=\u00bbon|phone\u00bb]<\/p>\n<p><img decoding=\"async\" src=\"https:\/\/uib.com.co\/seguros-uib\/wp-content\/uploads\/2022\/06\/vigilado_SFC2-28x300-1.png\" width=\"24\" height=\"250\" alt=\"\" class=\"wp-image-554 alignnone size-medium\" style=\"float: left;\"><\/p>\n<div style=\"margin-left: 5em; margin-top: 2em;\">\n<h3><strong>Company Information.<\/strong><\/h3>\n<p>UIB Colombia S.A. Corredores de Reaseguros<\/p>\n<p>Calle 73 # 7-31 Piso 5 Torre B, Bogot\u00e1 D.C, Colombia<\/p>\n<ul style=\"margin-left: 20px;\">\n<li><span>T\u00e9lefono: (57) 601 326 71 00<\/span><\/li>\n<li>Email: <a style=\"color: #3490d0;\" href=\"colombia@uib.com.co?Subject=Interesado%20en%20mas%20informacion\">uib.colombia@uib.com.co<\/a><\/li>\n<li><span style=\"color: #ffffff;\"><a style=\"color: rgba(225, 225, 225, 0.4);\"><b>Privacy Policy<\/b><\/a><\/span><b><\/b><\/li>\n<\/ul>\n<\/div>\n<p>[\/et_pb_text][et_pb_text _builder_version=\u00bb4.3.2&#8243; text_text_color=\u00bb#FFFFFF\u00bb background_color=\u00bb#005faa\u00bb custom_padding=\u00bb10px||10px||true|false\u00bb]&nbsp;[\/et_pb_text][\/et_pb_column][\/et_pb_row][\/et_pb_section]<\/p>\n","protected":false},"excerpt":{"rendered":"<p>UIB Seguros&nbsp; &nbsp; UIB Seguros&nbsp; Nuestro equipo&nbsp; UIB Group UIB Seguros&nbsp; Pertenece al Grupo UIB, ofrece soluciones integrales e innovadoras que van desde el an\u00e1lisis de riesgos a medida, el corretaje de seguros hasta la gesti\u00f3n de indemnizaciones, bas\u00e1ndose en un profundo conocimiento del mercado local y global, y en un know-how especializado. Misi\u00f3n Nuestro [&hellip;]<\/p>\n","protected":false},"author":1,"featured_media":0,"parent":0,"menu_order":0,"comment_status":"closed","ping_status":"closed","template":"page-template-blank.php","meta":{"_et_pb_use_builder":"on","_et_pb_old_content":"","_et_gb_content_width":"","footnotes":""},"class_list":["post-1238","page","type-page","status-publish","hentry"],"_links":{"self":[{"href":"https:\/\/uib.com.co\/seguros-uib\/wp-json\/wp\/v2\/pages\/1238","targetHints":{"allow":["GET"]}}],"collection":[{"href":"https:\/\/uib.com.co\/seguros-uib\/wp-json\/wp\/v2\/pages"}],"about":[{"href":"https:\/\/uib.com.co\/seguros-uib\/wp-json\/wp\/v2\/types\/page"}],"author":[{"embeddable":true,"href":"https:\/\/uib.com.co\/seguros-uib\/wp-json\/wp\/v2\/users\/1"}],"replies":[{"embeddable":true,"href":"https:\/\/uib.com.co\/seguros-uib\/wp-json\/wp\/v2\/comments?post=1238"}],"version-history":[{"count":12,"href":"https:\/\/uib.com.co\/seguros-uib\/wp-json\/wp\/v2\/pages\/1238\/revisions"}],"predecessor-version":[{"id":1431,"href":"https:\/\/uib.com.co\/seguros-uib\/wp-json\/wp\/v2\/pages\/1238\/revisions\/1431"}],"wp:attachment":[{"href":"https:\/\/uib.com.co\/seguros-uib\/wp-json\/wp\/v2\/media?parent=1238"}],"curies":[{"name":"wp","href":"https:\/\/api.w.org\/{rel}","templated":true}]}}